{"id":54,"date":"2017-07-03T20:19:43","date_gmt":"2017-07-03T20:19:43","guid":{"rendered":"http:\/\/www.jansenapartment.de\/de\/?page_id=54"},"modified":"2019-02-20T08:30:38","modified_gmt":"2019-02-20T08:30:38","slug":"wohnmobil","status":"publish","type":"page","link":"http:\/\/www.jansenapartment.de\/de\/?page_id=54","title":{"rendered":"Wohnmobil"},"content":{"rendered":"\t\t<div data-elementor-type=\"wp-post\" data-elementor-id=\"54\" class=\"elementor elementor-54 elementor-bc-flex-widget\" data-elementor-settings=\"[]\">\n\t\t\t\t\t\t<div class=\"elementor-inner\">\n\t\t\t\t\t\t\t<div class=\"elementor-section-wrap\">\n\t\t\t\t\t\t\t<section class=\"elementor-section elementor-top-section elementor-element elementor-element-98f2e11 elementor-section-boxed elementor-section-height-default elementor-section-height-default\" data-id=\"98f2e11\" data-element_type=\"section\">\n\t\t\t\t\t\t<div class=\"elementor-container elementor-column-gap-default\">\n\t\t\t\t\t\t\t<div class=\"elementor-row\">\n\t\t\t\t\t<div class=\"elementor-column elementor-col-100 elementor-top-column elementor-element elementor-element-50b7def\" data-id=\"50b7def\" data-element_type=\"column\">\n\t\t\t<div class=\"elementor-column-wrap elementor-element-populated\">\n\t\t\t\t\t\t\t<div class=\"elementor-widget-wrap\">\n\t\t\t\t\t\t<div class=\"elementor-element elementor-element-25f068e elementor-widget elementor-widget-text-editor\" data-id=\"25f068e\" data-element_type=\"widget\" data-widget_type=\"text-editor.default\">\n\t\t\t\t<div class=\"elementor-widget-container\">\n\t\t\t\t\t\t\t\t<div class=\"elementor-text-editor elementor-clearfix\">\n\t\t\t\t<p><br \/>Ahorn Kentucky Carmargue LC Fiat Ducato 2,3l 35er 130 PS<br \/>\u00a0\u00a0\u00a0\u00a0\u00a0\u00a0 \u2022\u00a0\u00a0 Zul\u00e4ssige Gesamtgewicht 3500 kg<br \/>\u00a0\u00a0\u00a0\u00a0\u00a0\u00a0 \u2022 \u00a0 Fahrradtr\u00e4ger f\u00fcr 4 Fahrr\u00e4der<br \/>\u00a0\u00a0\u00a0\u00a0\u00a0\u00a0 \u2022 \u00a0 Fernseher und Satanlage<br \/>\u00a0\u00a0\u00a0\u00a0\u00a0\u00a0 \u2022 \u00a0 Markise 3,5 m<br \/>\u00a0\u00a0\u00a0\u00a0\u00a0\u00a0 \u2022 \u00a0 Tempomat<br \/>\u00a0\u00a0\u00a0\u00a0\u00a0\u00a0 \u2022\u00a0\u00a0 Fahrerhausklima<br \/>\u00a0\u00a0\u00a0\u00a0\u00a0\u00a0 \u2022 \u00a0 Gas Backofen<br \/>\u00a0\u00a0\u00a0\u00a0\u00a0\u00a0 \u2022 \u00a0 K\u00fchlschrank \u00fcber Strom und GAS und 12 Volt<br \/>\u00a0\u00a0\u00a0\u00a0\u00a0\u00a0 \u2022\u00a0\u00a0 Kleine Heckgarage<br \/>\u00a0\u00a0\u00a0\u00a0\u00a0\u00a0 \u2022 \u00a0 Gas Grill<br \/>\u00a0\u00a0\u00a0\u00a0\u00a0\u00a0 \u2022 \u00a0 1 Campingtisch mit 4 Campingst\u00fchlen<br \/>\u00a0\u00a0\u00a0\u00a0\u00a0\u00a0 \u2022\u00a0\u00a0 Campinggeschirr und Besteck f\u00fcr 4 Personen<br \/>\u00a0\u00a0\u00a0\u00a0\u00a0\u00a0 \u2022\u00a0\u00a0 Eingebaute Chemie Toilette<\/p>\t\t\t\t\t<\/div>\n\t\t\t\t\t\t<\/div>\n\t\t\t\t<\/div>\n\t\t\t\t<div class=\"elementor-element elementor-element-2b36bd5 elementor-widget-divider--view-line elementor-widget elementor-widget-divider\" data-id=\"2b36bd5\" data-element_type=\"widget\" data-widget_type=\"divider.default\">\n\t\t\t\t<div class=\"elementor-widget-container\">\n\t\t\t\t\t<div class=\"elementor-divider\">\n\t\t\t<span class=\"elementor-divider-separator\">\n\t\t\t\t\t\t<\/span>\n\t\t<\/div>\n\t\t\t\t<\/div>\n\t\t\t\t<\/div>\n\t\t\t\t<div class=\"elementor-element elementor-element-7d88fbb elementor-widget elementor-widget-text-editor\" data-id=\"7d88fbb\" data-element_type=\"widget\" data-widget_type=\"text-editor.default\">\n\t\t\t\t<div class=\"elementor-widget-container\">\n\t\t\t\t\t\t\t\t<div class=\"elementor-text-editor elementor-clearfix\">\n\t\t\t\t\n\t\t\t\t<div class=\"abc-singlecalendar\" data-checkin-6a050e5dd74c2=\"0\" data-offset-6a050e5dd74c2=\"0\" data-month-6a050e5dd74c2=\"0\" id=\"abc_singlecalendar_6a050e5dd74c2\">\n\t\t\t\t\t<div class=\"abc-box abc-single-row\">\n\t\t\t\t\t\t<div data-calendar=\"3\" data-id=\"6a050e5dd74c2\" class=\"abc-box abc-button abc-single-button-left\">\n\t\t\t\t\t\t\t<button class=\"fa fa-chevron-left abc-button-rl\"><\/button>\n\t\t\t\t\t\t<\/div>\n\t\t\t\t\t\t<div class=\"abc-box abc-month\">\n\t\t\t\t\t\t\t<img alt=\"Wird geladen...\" src=\"http:\/\/www.jansenapartment.de\/de\/wp-admin\/images\/wpspin_light.gif\" class=\"waiting\" id=\"abc_single_loading-6a050e5dd74c2\" style=\"display:none\" \/><span id=\"singlecalendar-month-6a050e5dd74c2\">Mai 2026<\/span><\/div>\n\t\t\t\t\t\t\t<div data-calendar=\"3\" data-id=\"6a050e5dd74c2\" class=\"abc-box abc-button abc-single-button-right\">\n\t\t\t\t\t\t\t\t<button class=\"fa fa-chevron-right abc-button-rl\"><\/button>\n\t\t\t\t\t\t<\/div>\n\t\t\t\t\t<\/div>\n\t\t\t\t\t<div class=\"abc-box abc-single-row\">\n\t\t\t\t\t<div class=\"abc-box abc-col-day abc-dayname\">Mo<\/div>\n\t\t\t\t\t<div class=\"abc-box abc-col-day abc-dayname abc-dotted\">Di<\/div>\n\t\t\t\t\t<div class=\"abc-box abc-col-day abc-dayname abc-dotted\">Mi<\/div>\n\t\t\t\t\t<div class=\"abc-box abc-col-day abc-dayname abc-dotted\">Do<\/div>\n\t\t\t\t\t<div class=\"abc-box abc-col-day abc-dayname abc-dotted\">Fr<\/div>\n\t\t\t\t\t<div class=\"abc-box abc-col-day abc-dayname abc-dotted\">Sa<\/div>\n\t\t\t\t\t<div class=\"abc-box abc-col-day abc-dayname abc-dotted\">So<\/div>\n\t\t\t\t\t<\/div>\n\t\t\t\t\t<div id=\"abc-calendar-days-6a050e5dd74c2\">\n\t\t\t\t\t\t<div class=\"abc-box abc-single-row\"><div class=\"abc-box abc-col-day \">&nbsp;<\/div><div class=\"abc-box abc-col-day abc-dotted \">&nbsp;<\/div><div class=\"abc-box abc-col-day abc-dotted \">&nbsp;<\/div><div class=\"abc-box abc-col-day abc-dotted \">&nbsp;<\/div><div title=\"\" data-calendar=\"3\" data-id=\"6a050e5dd74c2\" data-date=\"2026-05-01\" class=\"abc-box abc-col-day abc-dotted abc-past abc-date-item \" id=\"abc-day-6a050e5dd74c22026-05-01\">1<br \/><span class=\"abc-single-price\"><\/span><\/div><div title=\"\" data-calendar=\"3\" data-id=\"6a050e5dd74c2\" data-date=\"2026-05-02\" class=\"abc-box abc-col-day abc-dotted abc-past abc-date-item \" id=\"abc-day-6a050e5dd74c22026-05-02\">2<br \/><span class=\"abc-single-price\"><\/span><\/div><div title=\"\" data-calendar=\"3\" data-id=\"6a050e5dd74c2\" data-date=\"2026-05-03\" class=\"abc-box abc-col-day abc-dotted abc-past abc-date-item \" id=\"abc-day-6a050e5dd74c22026-05-03\">3<br \/><span class=\"abc-single-price\"><\/span><\/div><\/div><div class=\"abc-box abc-single-row\"><div title=\"\" data-calendar=\"3\" data-id=\"6a050e5dd74c2\" data-date=\"2026-05-04\" class=\"abc-box abc-col-day abc-past abc-date-item \" id=\"abc-day-6a050e5dd74c22026-05-04\">4<br \/><span class=\"abc-single-price\"><\/span><\/div><div title=\"\" data-calendar=\"3\" data-id=\"6a050e5dd74c2\" data-date=\"2026-05-05\" class=\"abc-box abc-col-day abc-dotted abc-past abc-date-item \" id=\"abc-day-6a050e5dd74c22026-05-05\">5<br \/><span class=\"abc-single-price\"><\/span><\/div><div title=\"\" data-calendar=\"3\" data-id=\"6a050e5dd74c2\" data-date=\"2026-05-06\" class=\"abc-box abc-col-day abc-dotted abc-past abc-date-item \" id=\"abc-day-6a050e5dd74c22026-05-06\">6<br \/><span class=\"abc-single-price\"><\/span><\/div><div title=\"\" data-calendar=\"3\" data-id=\"6a050e5dd74c2\" data-date=\"2026-05-07\" class=\"abc-box abc-col-day abc-dotted abc-past abc-date-item \" id=\"abc-day-6a050e5dd74c22026-05-07\">7<br \/><span class=\"abc-single-price\"><\/span><\/div><div title=\"\" data-calendar=\"3\" data-id=\"6a050e5dd74c2\" data-date=\"2026-05-08\" class=\"abc-box abc-col-day abc-dotted abc-past abc-date-item \" id=\"abc-day-6a050e5dd74c22026-05-08\">8<br \/><span class=\"abc-single-price\"><\/span><\/div><div title=\"\" data-calendar=\"3\" data-id=\"6a050e5dd74c2\" data-date=\"2026-05-09\" class=\"abc-box abc-col-day abc-dotted abc-past abc-date-item \" id=\"abc-day-6a050e5dd74c22026-05-09\">9<br \/><span class=\"abc-single-price\"><\/span><\/div><div title=\"\" data-calendar=\"3\" data-id=\"6a050e5dd74c2\" data-date=\"2026-05-10\" class=\"abc-box abc-col-day abc-dotted abc-past abc-date-item \" id=\"abc-day-6a050e5dd74c22026-05-10\">10<br \/><span class=\"abc-single-price\"><\/span><\/div><\/div><div class=\"abc-box abc-single-row\"><div title=\"\" data-calendar=\"3\" data-id=\"6a050e5dd74c2\" data-date=\"2026-05-11\" class=\"abc-box abc-col-day abc-past abc-date-item \" id=\"abc-day-6a050e5dd74c22026-05-11\">11<br \/><span class=\"abc-single-price\"><\/span><\/div><div title=\"\" data-calendar=\"3\" data-id=\"6a050e5dd74c2\" data-date=\"2026-05-12\" class=\"abc-box abc-col-day abc-dotted abc-past abc-date-item \" id=\"abc-day-6a050e5dd74c22026-05-12\">12<br \/><span class=\"abc-single-price\"><\/span><\/div><div title=\"Verf\u00fcgbar:\n13.05.2026: 90 \u20ac\" data-calendar=\"3\" data-id=\"6a050e5dd74c2\" data-date=\"2026-05-13\" class=\"abc-box abc-col-day abc-dotted abc-avail abc-date-selector abc-date-item \" id=\"abc-day-6a050e5dd74c22026-05-13\">13<br \/><span class=\"abc-single-price\">90 \u20ac<\/span><\/div><div title=\"Verf\u00fcgbar:\n14.05.2026: 90 \u20ac\" data-calendar=\"3\" data-id=\"6a050e5dd74c2\" data-date=\"2026-05-14\" class=\"abc-box abc-col-day abc-dotted abc-avail abc-date-selector abc-date-item \" id=\"abc-day-6a050e5dd74c22026-05-14\">14<br \/><span class=\"abc-single-price\">90 \u20ac<\/span><\/div><div title=\"Verf\u00fcgbar:\n15.05.2026: 90 \u20ac\" data-calendar=\"3\" data-id=\"6a050e5dd74c2\" data-date=\"2026-05-15\" class=\"abc-box abc-col-day abc-dotted abc-avail abc-date-selector abc-date-item \" id=\"abc-day-6a050e5dd74c22026-05-15\">15<br \/><span class=\"abc-single-price\">90 \u20ac<\/span><\/div><div title=\"Verf\u00fcgbar:\n16.05.2026: 90 \u20ac\" data-calendar=\"3\" data-id=\"6a050e5dd74c2\" data-date=\"2026-05-16\" class=\"abc-box abc-col-day abc-dotted abc-avail abc-date-selector abc-date-item \" id=\"abc-day-6a050e5dd74c22026-05-16\">16<br \/><span class=\"abc-single-price\">90 \u20ac<\/span><\/div><div title=\"Verf\u00fcgbar:\n17.05.2026: 90 \u20ac\" data-calendar=\"3\" data-id=\"6a050e5dd74c2\" data-date=\"2026-05-17\" class=\"abc-box abc-col-day abc-dotted abc-avail abc-date-selector abc-date-item \" id=\"abc-day-6a050e5dd74c22026-05-17\">17<br \/><span class=\"abc-single-price\">90 \u20ac<\/span><\/div><\/div><div class=\"abc-box abc-single-row\"><div title=\"Verf\u00fcgbar:\n18.05.2026: 90 \u20ac\" data-calendar=\"3\" data-id=\"6a050e5dd74c2\" data-date=\"2026-05-18\" class=\"abc-box abc-col-day abc-avail abc-date-selector abc-date-item \" id=\"abc-day-6a050e5dd74c22026-05-18\">18<br \/><span class=\"abc-single-price\">90 \u20ac<\/span><\/div><div title=\"Verf\u00fcgbar:\n19.05.2026: 90 \u20ac\" data-calendar=\"3\" data-id=\"6a050e5dd74c2\" data-date=\"2026-05-19\" class=\"abc-box abc-col-day abc-dotted abc-avail abc-date-selector abc-date-item \" id=\"abc-day-6a050e5dd74c22026-05-19\">19<br \/><span class=\"abc-single-price\">90 \u20ac<\/span><\/div><div title=\"Verf\u00fcgbar:\n20.05.2026: 90 \u20ac\" data-calendar=\"3\" data-id=\"6a050e5dd74c2\" data-date=\"2026-05-20\" class=\"abc-box abc-col-day abc-dotted abc-avail abc-date-selector abc-date-item \" id=\"abc-day-6a050e5dd74c22026-05-20\">20<br \/><span class=\"abc-single-price\">90 \u20ac<\/span><\/div><div title=\"Verf\u00fcgbar:\n21.05.2026: 90 \u20ac\" data-calendar=\"3\" data-id=\"6a050e5dd74c2\" data-date=\"2026-05-21\" class=\"abc-box abc-col-day abc-dotted abc-avail abc-date-selector abc-date-item \" id=\"abc-day-6a050e5dd74c22026-05-21\">21<br \/><span class=\"abc-single-price\">90 \u20ac<\/span><\/div><div title=\"Verf\u00fcgbar:\n22.05.2026: 90 \u20ac\" data-calendar=\"3\" data-id=\"6a050e5dd74c2\" data-date=\"2026-05-22\" class=\"abc-box abc-col-day abc-dotted abc-avail abc-date-selector abc-date-item \" id=\"abc-day-6a050e5dd74c22026-05-22\">22<br \/><span class=\"abc-single-price\">90 \u20ac<\/span><\/div><div title=\"Verf\u00fcgbar:\n23.05.2026: 90 \u20ac\" data-calendar=\"3\" data-id=\"6a050e5dd74c2\" data-date=\"2026-05-23\" class=\"abc-box abc-col-day abc-dotted abc-avail abc-date-selector abc-date-item \" id=\"abc-day-6a050e5dd74c22026-05-23\">23<br \/><span class=\"abc-single-price\">90 \u20ac<\/span><\/div><div title=\"Verf\u00fcgbar:\n24.05.2026: 90 \u20ac\" data-calendar=\"3\" data-id=\"6a050e5dd74c2\" data-date=\"2026-05-24\" class=\"abc-box abc-col-day abc-dotted abc-avail abc-date-selector abc-date-item \" id=\"abc-day-6a050e5dd74c22026-05-24\">24<br \/><span class=\"abc-single-price\">90 \u20ac<\/span><\/div><\/div><div class=\"abc-box abc-single-row\"><div title=\"Verf\u00fcgbar:\n25.05.2026: 90 \u20ac\" data-calendar=\"3\" data-id=\"6a050e5dd74c2\" data-date=\"2026-05-25\" class=\"abc-box abc-col-day abc-avail abc-date-selector abc-date-item \" id=\"abc-day-6a050e5dd74c22026-05-25\">25<br \/><span class=\"abc-single-price\">90 \u20ac<\/span><\/div><div title=\"Verf\u00fcgbar:\n26.05.2026: 90 \u20ac\" data-calendar=\"3\" data-id=\"6a050e5dd74c2\" data-date=\"2026-05-26\" class=\"abc-box abc-col-day abc-dotted abc-avail abc-date-selector abc-date-item \" id=\"abc-day-6a050e5dd74c22026-05-26\">26<br \/><span class=\"abc-single-price\">90 \u20ac<\/span><\/div><div title=\"Verf\u00fcgbar:\n27.05.2026: 90 \u20ac\" data-calendar=\"3\" data-id=\"6a050e5dd74c2\" data-date=\"2026-05-27\" class=\"abc-box abc-col-day abc-dotted abc-avail abc-date-selector abc-date-item \" id=\"abc-day-6a050e5dd74c22026-05-27\">27<br \/><span class=\"abc-single-price\">90 \u20ac<\/span><\/div><div title=\"Verf\u00fcgbar:\n28.05.2026: 90 \u20ac\" data-calendar=\"3\" data-id=\"6a050e5dd74c2\" data-date=\"2026-05-28\" class=\"abc-box abc-col-day abc-dotted abc-avail abc-date-selector abc-date-item \" id=\"abc-day-6a050e5dd74c22026-05-28\">28<br \/><span class=\"abc-single-price\">90 \u20ac<\/span><\/div><div title=\"Verf\u00fcgbar:\n29.05.2026: 90 \u20ac\" data-calendar=\"3\" data-id=\"6a050e5dd74c2\" data-date=\"2026-05-29\" class=\"abc-box abc-col-day abc-dotted abc-avail abc-date-selector abc-date-item \" id=\"abc-day-6a050e5dd74c22026-05-29\">29<br \/><span class=\"abc-single-price\">90 \u20ac<\/span><\/div><div title=\"Verf\u00fcgbar:\n30.05.2026: 90 \u20ac\" data-calendar=\"3\" data-id=\"6a050e5dd74c2\" data-date=\"2026-05-30\" class=\"abc-box abc-col-day abc-dotted abc-avail abc-date-selector abc-date-item \" id=\"abc-day-6a050e5dd74c22026-05-30\">30<br \/><span class=\"abc-single-price\">90 \u20ac<\/span><\/div><div title=\"Verf\u00fcgbar:\n31.05.2026: 90 \u20ac\" data-calendar=\"3\" data-id=\"6a050e5dd74c2\" data-date=\"2026-05-31\" class=\"abc-box abc-col-day abc-dotted abc-avail abc-date-selector abc-date-item \" id=\"abc-day-6a050e5dd74c22026-05-31\">31<br \/><span class=\"abc-single-price\">90 \u20ac<\/span><\/div><\/div><script>\n\t\tif (typeof ga == 'function'){\n\t\t\tga('send', 'pageview', 'single-calendar\/wohnmobil\/2026-05')\t\t\t\n\t\t} <\/script>\n\t\t\t\t\t<\/div><div class=\"abc-single-legend\">\n\t\t\t\t\t\t\t\t\t\t\t<span class=\"fa fa-square-o abc-single-legend-available\"><\/span>\n\t\t\t\t\t\t\t\t\t\t\tVerf\u00fcgbar<span class=\"fa fa-square abc-single-legend-fully\"><\/span>\n\t\t\t\t\t\t\t\t\t\tAusgebucht\n\t\t\t\t\t\t\t\t\t\t<\/div><div id=\"abc-booking-6a050e5dd74c2\" class=\"abc-booking-selection\">\n\t\t\t\t\t<\/div>\n\t\t\t\t<\/div>\t\t\t\t\t<\/div>\n\t\t\t\t\t\t<\/div>\n\t\t\t\t<\/div>\n\t\t\t\t<div class=\"elementor-element elementor-element-7148890 elementor-widget-divider--view-line elementor-widget elementor-widget-divider\" data-id=\"7148890\" data-element_type=\"widget\" data-widget_type=\"divider.default\">\n\t\t\t\t<div class=\"elementor-widget-container\">\n\t\t\t\t\t<div class=\"elementor-divider\">\n\t\t\t<span class=\"elementor-divider-separator\">\n\t\t\t\t\t\t<\/span>\n\t\t<\/div>\n\t\t\t\t<\/div>\n\t\t\t\t<\/div>\n\t\t\t\t<section class=\"elementor-section elementor-inner-section elementor-element elementor-element-d6afcbc elementor-section-boxed elementor-section-height-default elementor-section-height-default\" data-id=\"d6afcbc\" data-element_type=\"section\">\n\t\t\t\t\t\t<div class=\"elementor-container elementor-column-gap-default\">\n\t\t\t\t\t\t\t<div class=\"elementor-row\">\n\t\t\t\t\t<div class=\"elementor-column elementor-col-50 elementor-inner-column elementor-element elementor-element-aa6663a\" data-id=\"aa6663a\" data-element_type=\"column\">\n\t\t\t<div class=\"elementor-column-wrap elementor-element-populated\">\n\t\t\t\t\t\t\t<div class=\"elementor-widget-wrap\">\n\t\t\t\t\t\t<div class=\"elementor-element elementor-element-9f36b83 elementor-align-center elementor-widget elementor-widget-button\" data-id=\"9f36b83\" data-element_type=\"widget\" data-widget_type=\"button.default\">\n\t\t\t\t<div class=\"elementor-widget-container\">\n\t\t\t\t\t<div class=\"elementor-button-wrapper\">\n\t\t\t<a href=\"https:\/\/jansenapartment.de\/de\/?page_id=61\" class=\"elementor-button-link elementor-button elementor-size-xl elementor-animation-grow\" role=\"button\">\n\t\t\t\t\t\t<span class=\"elementor-button-content-wrapper\">\n\t\t\t\t\t\t<span class=\"elementor-button-icon elementor-align-icon-left\">\n\t\t\t\t\t\t\t\t\t<i class=\"fa fa-automobile\" aria-hidden=\"true\"><\/i>\n\t\t\t\t\t\t\t<\/span>\n\t\t\t\t\t\t<span class=\"elementor-button-text\">Reservieren<\/span>\n\t\t<\/span>\n\t\t\t\t\t<\/a>\n\t\t<\/div>\n\t\t\t\t<\/div>\n\t\t\t\t<\/div>\n\t\t\t\t\t\t<\/div>\n\t\t\t\t\t<\/div>\n\t\t<\/div>\n\t\t\t\t<div class=\"elementor-column elementor-col-50 elementor-inner-column elementor-element elementor-element-9fb2dbe\" data-id=\"9fb2dbe\" data-element_type=\"column\">\n\t\t\t<div class=\"elementor-column-wrap elementor-element-populated\">\n\t\t\t\t\t\t\t<div class=\"elementor-widget-wrap\">\n\t\t\t\t\t\t<div class=\"elementor-element elementor-element-c30c919 elementor-align-center elementor-widget elementor-widget-button\" data-id=\"c30c919\" data-element_type=\"widget\" data-widget_type=\"button.default\">\n\t\t\t\t<div class=\"elementor-widget-container\">\n\t\t\t\t\t<div class=\"elementor-button-wrapper\">\n\t\t\t<a href=\"https:\/\/jansenapartment.de\/de\/?page_id=343\" class=\"elementor-button-link elementor-button elementor-size-xl\" role=\"button\">\n\t\t\t\t\t\t<span class=\"elementor-button-content-wrapper\">\n\t\t\t\t\t\t<span class=\"elementor-button-icon elementor-align-icon-left\">\n\t\t\t\t\t\t\t\t\t<i class=\"fa fa-phone\" aria-hidden=\"true\"><\/i>\n\t\t\t\t\t\t\t<\/span>\n\t\t\t\t\t\t<span class=\"elementor-button-text\">Kontakt<\/span>\n\t\t<\/span>\n\t\t\t\t\t<\/a>\n\t\t<\/div>\n\t\t\t\t<\/div>\n\t\t\t\t<\/div>\n\t\t\t\t\t\t<\/div>\n\t\t\t\t\t<\/div>\n\t\t<\/div>\n\t\t\t\t\t\t\t\t<\/div>\n\t\t\t\t\t<\/div>\n\t\t<\/section>\n\t\t\t\t\t\t<\/div>\n\t\t\t\t\t<\/div>\n\t\t<\/div>\n\t\t\t\t\t\t\t\t<\/div>\n\t\t\t\t\t<\/div>\n\t\t<\/section>\n\t\t\t\t<section class=\"elementor-section elementor-top-section elementor-element elementor-element-ef618dd elementor-section-boxed elementor-section-height-default elementor-section-height-default\" data-id=\"ef618dd\" data-element_type=\"section\">\n\t\t\t\t\t\t<div class=\"elementor-container elementor-column-gap-default\">\n\t\t\t\t\t\t\t<div class=\"elementor-row\">\n\t\t\t\t\t<div class=\"elementor-column elementor-col-100 elementor-top-column elementor-element elementor-element-0b2f890\" data-id=\"0b2f890\" data-element_type=\"column\">\n\t\t\t<div class=\"elementor-column-wrap elementor-element-populated\">\n\t\t\t\t\t\t\t<div class=\"elementor-widget-wrap\">\n\t\t\t\t\t\t<div class=\"elementor-element elementor-element-cc9e54d elementor-widget-divider--view-line elementor-widget elementor-widget-divider\" data-id=\"cc9e54d\" data-element_type=\"widget\" data-widget_type=\"divider.default\">\n\t\t\t\t<div class=\"elementor-widget-container\">\n\t\t\t\t\t<div class=\"elementor-divider\">\n\t\t\t<span class=\"elementor-divider-separator\">\n\t\t\t\t\t\t<\/span>\n\t\t<\/div>\n\t\t\t\t<\/div>\n\t\t\t\t<\/div>\n\t\t\t\t\t\t<\/div>\n\t\t\t\t\t<\/div>\n\t\t<\/div>\n\t\t\t\t\t\t\t\t<\/div>\n\t\t\t\t\t<\/div>\n\t\t<\/section>\n\t\t\t\t<section class=\"elementor-section elementor-top-section elementor-element elementor-element-b1b30c6 elementor-section-boxed elementor-section-height-default elementor-section-height-default\" data-id=\"b1b30c6\" data-element_type=\"section\">\n\t\t\t\t\t\t<div class=\"elementor-container elementor-column-gap-default\">\n\t\t\t\t\t\t\t<div class=\"elementor-row\">\n\t\t\t\t\t<div class=\"elementor-column elementor-col-100 elementor-top-column elementor-element elementor-element-3d1ed02\" data-id=\"3d1ed02\" data-element_type=\"column\">\n\t\t\t<div class=\"elementor-column-wrap elementor-element-populated\">\n\t\t\t\t\t\t\t<div class=\"elementor-widget-wrap\">\n\t\t\t\t\t\t<div class=\"elementor-element elementor-element-e758362 elementor-arrows-position-inside elementor-pagination-position-outside elementor-widget elementor-widget-image-carousel\" data-id=\"e758362\" data-element_type=\"widget\" data-settings=\"{&quot;navigation&quot;:&quot;both&quot;,&quot;autoplay&quot;:&quot;yes&quot;,&quot;pause_on_hover&quot;:&quot;yes&quot;,&quot;pause_on_interaction&quot;:&quot;yes&quot;,&quot;autoplay_speed&quot;:5000,&quot;infinite&quot;:&quot;yes&quot;,&quot;speed&quot;:500}\" data-widget_type=\"image-carousel.default\">\n\t\t\t\t<div class=\"elementor-widget-container\">\n\t\t\t\t\t<div class=\"elementor-image-carousel-wrapper swiper-container\" dir=\"ltr\">\n\t\t\t<div class=\"elementor-image-carousel swiper-wrapper\">\n\t\t\t\t\t\t\t\t<div class=\"swiper-slide\"><figure class=\"swiper-slide-inner\"><img class=\"swiper-slide-image\" src=\"http:\/\/www.jansenapartment.de\/de\/wp-content\/uploads\/2018\/09\/wohnmobil-01-300x225.jpg\" alt=\"wohnmobil-01\" \/><\/figure><\/div><div class=\"swiper-slide\"><figure class=\"swiper-slide-inner\"><img class=\"swiper-slide-image\" src=\"http:\/\/www.jansenapartment.de\/de\/wp-content\/uploads\/2018\/09\/wohnmobil-02-300x225.jpg\" alt=\"wohnmobil-02\" \/><\/figure><\/div><div class=\"swiper-slide\"><figure class=\"swiper-slide-inner\"><img class=\"swiper-slide-image\" src=\"http:\/\/www.jansenapartment.de\/de\/wp-content\/uploads\/2018\/09\/wohnmobil-03-225x300.jpg\" alt=\"wohnmobil-03\" \/><\/figure><\/div><div class=\"swiper-slide\"><figure class=\"swiper-slide-inner\"><img class=\"swiper-slide-image\" src=\"http:\/\/www.jansenapartment.de\/de\/wp-content\/uploads\/2018\/09\/wohnmobil-04-300x225.jpg\" alt=\"wohnmobil-04\" \/><\/figure><\/div><div class=\"swiper-slide\"><figure class=\"swiper-slide-inner\"><img class=\"swiper-slide-image\" src=\"http:\/\/www.jansenapartment.de\/de\/wp-content\/uploads\/2018\/09\/wohnmobil-05-225x300.jpg\" alt=\"wohnmobil-05\" \/><\/figure><\/div><div class=\"swiper-slide\"><figure class=\"swiper-slide-inner\"><img class=\"swiper-slide-image\" src=\"http:\/\/www.jansenapartment.de\/de\/wp-content\/uploads\/2018\/09\/wohnmobil-06-300x225.jpg\" alt=\"wohnmobil-06\" \/><\/figure><\/div>\t\t\t<\/div>\n\t\t\t\t\t\t\t\t\t\t\t\t<div class=\"swiper-pagination\"><\/div>\n\t\t\t\t\t\t\t\t\t\t\t\t\t<div class=\"elementor-swiper-button elementor-swiper-button-prev\">\n\t\t\t\t\t\t<i class=\"eicon-chevron-left\" aria-hidden=\"true\"><\/i>\n\t\t\t\t\t\t<span class=\"elementor-screen-only\">Zur\u00fcck<\/span>\n\t\t\t\t\t<\/div>\n\t\t\t\t\t<div class=\"elementor-swiper-button elementor-swiper-button-next\">\n\t\t\t\t\t\t<i class=\"eicon-chevron-right\" aria-hidden=\"true\"><\/i>\n\t\t\t\t\t\t<span class=\"elementor-screen-only\">Weiter<\/span>\n\t\t\t\t\t<\/div>\n\t\t\t\t\t\t\t\t\t<\/div>\n\t\t\t\t<\/div>\n\t\t\t\t<\/div>\n\t\t\t\t\t\t<\/div>\n\t\t\t\t\t<\/div>\n\t\t<\/div>\n\t\t\t\t\t\t\t\t<\/div>\n\t\t\t\t\t<\/div>\n\t\t<\/section>\n\t\t\t\t<section class=\"elementor-section elementor-top-section elementor-element elementor-element-ca74b10 elementor-section-boxed elementor-section-height-default elementor-section-height-default\" data-id=\"ca74b10\" data-element_type=\"section\">\n\t\t\t\t\t\t<div class=\"elementor-container elementor-column-gap-default\">\n\t\t\t\t\t\t\t<div class=\"elementor-row\">\n\t\t\t\t\t<div class=\"elementor-column elementor-col-100 elementor-top-column elementor-element elementor-element-7967c6b\" data-id=\"7967c6b\" data-element_type=\"column\">\n\t\t\t<div class=\"elementor-column-wrap elementor-element-populated\">\n\t\t\t\t\t\t\t<div class=\"elementor-widget-wrap\">\n\t\t\t\t\t\t<div class=\"elementor-element elementor-element-fbc07c9 elementor-widget-divider--view-line elementor-widget elementor-widget-divider\" data-id=\"fbc07c9\" data-element_type=\"widget\" data-widget_type=\"divider.default\">\n\t\t\t\t<div class=\"elementor-widget-container\">\n\t\t\t\t\t<div class=\"elementor-divider\">\n\t\t\t<span class=\"elementor-divider-separator\">\n\t\t\t\t\t\t<\/span>\n\t\t<\/div>\n\t\t\t\t<\/div>\n\t\t\t\t<\/div>\n\t\t\t\t\t\t<\/div>\n\t\t\t\t\t<\/div>\n\t\t<\/div>\n\t\t\t\t\t\t\t\t<\/div>\n\t\t\t\t\t<\/div>\n\t\t<\/section>\n\t\t\t\t\t\t<\/div>\n\t\t\t\t\t\t<\/div>\n\t\t\t\t\t<\/div>\n\t\t","protected":false},"excerpt":{"rendered":"<p>Ahorn Kentucky Carmargue LC Fiat Ducato 2,3l 35er 130 PS &nbsp;&nbsp;&nbsp;&nbsp;&nbsp;&nbsp; \u2022&nbsp;&nbsp; Zul\u00e4ssige Gesamtgewicht 3500 kg &nbsp;&nbsp;&nbsp;&nbsp;&nbsp;&nbsp; \u2022 &nbsp; Fahrradtr\u00e4ger f\u00fcr 4 Fahrr\u00e4der &nbsp;&nbsp;&nbsp;&nbsp;&nbsp;&nbsp; \u2022 &nbsp; Fernseher und Satanlage &nbsp;&nbsp;&nbsp;&nbsp;&nbsp;&nbsp; \u2022 &nbsp; Markise 3,5 m &nbsp;&nbsp;&nbsp;&nbsp;&nbsp;&nbsp; \u2022 &nbsp; Tempomat &nbsp;&nbsp;&nbsp;&nbsp;&nbsp;&nbsp; \u2022&nbsp;&nbsp; Fahrerhausklima &nbsp;&nbsp;&nbsp;&nbsp;&nbsp;&nbsp; \u2022 &nbsp; Gas Backofen &nbsp;&nbsp;&nbsp;&nbsp;&nbsp;&nbsp; \u2022 &nbsp; K\u00fchlschrank \u00fcber Strom und GAS [&hellip;]<\/p>\n","protected":false},"author":1,"featured_media":0,"parent":0,"menu_order":0,"comment_status":"closed","ping_status":"closed","template":"","meta":[],"_links":{"self":[{"href":"http:\/\/www.jansenapartment.de\/de\/index.php?rest_route=\/wp\/v2\/pages\/54"}],"collection":[{"href":"http:\/\/www.jansenapartment.de\/de\/index.php?rest_route=\/wp\/v2\/pages"}],"about":[{"href":"http:\/\/www.jansenapartment.de\/de\/index.php?rest_route=\/wp\/v2\/types\/page"}],"author":[{"embeddable":true,"href":"http:\/\/www.jansenapartment.de\/de\/index.php?rest_route=\/wp\/v2\/users\/1"}],"replies":[{"embeddable":true,"href":"http:\/\/www.jansenapartment.de\/de\/index.php?rest_route=%2Fwp%2Fv2%2Fcomments&post=54"}],"version-history":[{"count":33,"href":"http:\/\/www.jansenapartment.de\/de\/index.php?rest_route=\/wp\/v2\/pages\/54\/revisions"}],"predecessor-version":[{"id":689,"href":"http:\/\/www.jansenapartment.de\/de\/index.php?rest_route=\/wp\/v2\/pages\/54\/revisions\/689"}],"wp:attachment":[{"href":"http:\/\/www.jansenapartment.de\/de\/index.php?rest_route=%2Fwp%2Fv2%2Fmedia&parent=54"}],"curies":[{"name":"wp","href":"https:\/\/api.w.org\/{rel}","templated":true}]}}